{"id":32,"date":"2025-03-12T06:17:11","date_gmt":"2025-03-12T05:17:11","guid":{"rendered":"https:\/\/alltag-wertvoll.de\/?page_id=32"},"modified":"2025-10-26T07:37:36","modified_gmt":"2025-10-26T06:37:36","slug":"jobs","status":"publish","type":"page","link":"https:\/\/alltag-wertvoll.de\/?page_id=32","title":{"rendered":"Jobs"},"content":{"rendered":"\n<div style=\"height:50px\" aria-hidden=\"true\" class=\"wp-block-spacer\"><\/div>\n\n\n\n<h2 class=\"wp-block-heading has-text-align-center has-ast-global-color-6-color has-text-color has-link-color has-large-font-size wp-elements-f35624ff58fee6115902821beffca96a\">Ihre Karriere bei Alltagsunterst\u00fctzung WERTVOLL<\/h2>\n\n\n\n<div style=\"height:50px\" aria-hidden=\"true\" class=\"wp-block-spacer\"><\/div>\n\n\n\n<!-- Container f\u00fcr die drei Boxen -->\n<div class=\"info-boxes\">\n  <div class=\"info-box\" onclick=\"openOverlay('overlay2')\">ALLTAGSBEGLEITER \/ SENIORENBETREUUNG gesucht (m\/w\/d) <\/div>\n  <div class=\"info-box\" onclick=\"openOverlay('overlay3')\"><p>INITIATIVBEWERBUNG<\/p><p>        (m\/w\/d)<\/p> <\/div>\n<\/div>\n\n<!-- Overlays -->\n\n<div id=\"overlay2\" class=\"overlay\" onclick=\"closeOverlay(event, 'overlay2')\">\n  <div class=\"overlay-content\">\n    <span class=\"close-btn\" onclick=\"closeOverlay(event, 'overlay2')\">&times;<\/span>\n    <h2>Alltagsbegleiter \/ Seniorenbetreuung<\/h2>\n    <p>Wir suchen:<\/p>\n    <p>Aktuell f\u00fcr die von uns begleiteten Menschen mit Pflegegraden 1 bis 5 zuverl\u00e4ssige Unterst\u00fctzung f\u00fcr stundenweise Begleitung, Betreuung und Haushaltsbew\u00e4ltigung. Minijob (556 Euro) oder Teilzeit.<\/p>\n\n    <p><strong>Ihre Aufgaben:<\/strong><\/p>\n    <p>Begleitung im Alltag, Hilfe bei Haushaltsf\u00fchrung, Eink\u00e4ufen, Arztbesuchen etc. Aufgaben sind individuell je nach Bedarf der Pflegebed\u00fcrftigen.<\/p>\n\n    <p><strong>Das bringen Sie mit:<\/strong><\/p>\n    <p>Weiterbildung als Alltagsbegleiter (120 Stunden) oder gleichwertige Qualifikation. Haushaltsf\u00fchrungserfahrung w\u00fcnschenswert. F\u00fchrerschein B und Auto vorteilhaft. F\u00fchrungszeugnis Belegart \u201e0\u201c erforderlich. Zuverl\u00e4ssig, empathisch, professionell, Deutsch verhandlungssicher oder Muttersprache.<\/p>\n\n    <p><strong>Das bekommen Sie:<\/strong><\/p>\n    <p>Ca. 16 Euro\/Std, nach Erfahrung. Minijob, Teilzeit oder Vollzeit m\u00f6glich. Flexible und familienfreundliche Arbeitszeiten (meist vormittags 8:30 \u2013 14:30 Uhr). Kollegiales, junges und freundliches Team.<\/p>\n\n    <p><strong>Ihr Weg zu diesem Job:<\/strong><\/p>\n    <p>Bitte senden Sie Ihre Bewerbungsunterlagen an:<br>\n    Frau Svetlana Hoffmann<br>\n    <a href=\"mailto:info@alltag-wertvoll.de\">info@alltag-wertvoll.de<\/a><\/p>\n\n    <p>Wir freuen uns auf Ihre Bewerbung!<\/p>\n  <\/div>\n<\/div>\n\n<div id=\"overlay3\" class=\"overlay\" onclick=\"closeOverlay(event, 'overlay3')\">\n  <div class=\"overlay-content\">\n    <span class=\"close-btn\" onclick=\"closeOverlay(event, 'overlay3')\">&times;<\/span>\n    <h2>INITIATIVBEWERBUNG (m\/w\/d)<\/h2>\n    <p>\nWenn Ihre Ausbildungsqualifikation nicht zu den aktuell ausgeschrieben Stellen pa\u00dft, Sie sich aber vorstellen k\u00f6nnen, anderen Menschen im Alltag und bei Ihrem Haushalt oder im Garten zu unterst\u00fctzen, melden Sie sich gerne bei S. Hoffmann und  wir besprechen gemeinsam, wie es weitergehen k\u00f6nnte.\n<\/p>\n    <p><strong>Ihr Weg zu diesem Job:<\/strong><\/p>\n    <p>Bitte senden Sie Ihre Bewerbung an:<br>\n    Frau Svetlana Hoffmann<br>\n    <a href=\"mailto:info@alltag-wertvoll.de\">info@alltag-wertvoll.de<\/a><\/p>\n\n    <p>Wir freuen uns auf Ihre Bewerbung!<\/p>\n  <\/div>\n<\/div>\n\n<!-- Stil -->\n<style>\n.info-boxes {\n  display: flex;\n  flex-wrap: wrap;\n  gap: 1em;\n  justify-content: center;\n  margin: 2em 0;\n}\n\n.info-box {\n  flex: 1 1 250px;\n  border: 2px solid green;\n  padding: 1.5em;\n  background-color: #f0fff0;\n  cursor: pointer;\n  text-align: center;\n  font-weight: bold;\n  transition: background 0.3s;\n  min-width: 200px;\n  max-width: 300px;\n}\n\n.info-box:hover {\n  background-color: #e0ffe0;\n}\n\n.overlay {\n  display: none;\n  position: fixed;\n  inset: 0;\n  background-color: rgba(0, 0, 0, 0.7);\n  justify-content: center;\n  align-items: center;\n  z-index: 9999;\n  padding: 2em;\n  box-sizing: border-box;\n}\n\n.overlay-content {\n  background: white;\n  max-width: 800px;\n  width: 100%;\n  max-height: 90vh;\n  overflow-y: auto;\n  padding: 2em;\n  border-radius: 10px;\n  position: relative;\n  box-shadow: 0 0 20px rgba(0, 0, 0, 0.3);\n  animation: fadeInUp 0.3s ease-out;\n}\n\n\/* Schwarze \u00dcberschriften in Overlays *\/\n.overlay-content h2 {\n  color: black;\n}\n\n.close-btn {\n  position: absolute;\n  top: 1em;\n  right: 1em;\n  font-size: 2em;\n  color: #888;\n  cursor: pointer;\n}\n<\/style>\n\n<!-- JavaScript -->\n<script>\nfunction openOverlay(id) {\n  document.getElementById(id).style.display = 'flex';\n}\n\nfunction closeOverlay(event, id) {\n  if (event.target.classList.contains('overlay') || event.target.classList.contains('close-btn')) {\n    document.getElementById(id).style.display = 'none';\n  }\n}\n<\/script>\n\n\n\n<div style=\"height:60px\" aria-hidden=\"true\" class=\"wp-block-spacer\"><\/div>\n\n\n\n<div class=\"wp-block-group alignwide has-border-color has-ast-global-color-1-border-color has-ast-global-color-4-background-color has-background is-layout-constrained wp-block-group-is-layout-constrained\" style=\"border-width:2px;border-radius:25px\">\n<p><\/p>\n\n\n\n<p class=\"has-text-align-center\" style=\"font-size:20px\">Alltagsunterst\u00fctzung WERTVOLL ist ein Unternehmen der Branche Gesundheit und Soziales mit Sitz in Timmendorfer Strand in Schleswig-Holstein, gegr\u00fcndet im Jahr 2024.&nbsp;<\/p>\n\n\n\n<p class=\"has-text-align-center\" style=\"font-size:20px\">Alltagsbegleiter \u00fcbernehmen die soziale Betreuung hilfsbed\u00fcrftiger Menschen und Unterst\u00fctzung von Senioren in der h\u00e4uslichen Umgebung, z.B. von Menschen mit demenzbedingten F\u00e4higkeitsst\u00f6rungen oder physischen Behinderung. Wir sind ein starkes Team, das sich t\u00e4glich bei den pflegebed\u00fcrftigen Menschen einsetzt und WERTVOLLe Hilfeleistungen erbringt.<\/p>\n\n\n\n<p class=\"has-text-align-center\" style=\"font-size:20px\">Wir haben viele neue Anfragen von Senioren und brauchen Verst\u00e4rkung in unserem Team.<\/p>\n<\/div>\n\n\n\n<div style=\"height:100px\" aria-hidden=\"true\" class=\"wp-block-spacer\"><\/div>\n","protected":false},"excerpt":{"rendered":"<p>Ihre Karriere bei Alltagsunterst\u00fctzung WERTVOLL ALLTAGSBEGLEITER \/ SENIORENBETREUUNG gesucht (m\/w\/d) INITIATIVBEWERBUNG (m\/w\/d) &times; Alltagsbegleiter \/ Seniorenbetreuung Wir suchen: Aktuell f\u00fcr [&hellip;]<\/p>\n","protected":false},"author":2,"featured_media":0,"parent":221,"menu_order":0,"comment_status":"closed","ping_status":"closed","template":"","meta":{"site-sidebar-layout":"default","site-content-layout":"","ast-site-content-layout":"","site-content-style":"default","site-sidebar-style":"default","ast-global-header-display":"","ast-banner-title-visibility":"","ast-main-header-display":"","ast-hfb-above-header-display":"","ast-hfb-below-header-display":"","ast-hfb-mobile-header-display":"","site-post-title":"disabled","ast-breadcrumbs-content":"","ast-featured-img":"","footer-sml-layout":"","ast-disable-related-posts":"","theme-transparent-header-meta":"","adv-header-id-meta":"","stick-header-meta":"","header-above-stick-meta":"","header-main-stick-meta":"","header-below-stick-meta":"","astra-migrate-meta-layouts":"default","ast-page-background-enabled":"default","ast-page-background-meta":{"desktop":{"background-color":"var(--ast-global-color-5)","background-image":"","background-repeat":"repeat","background-position":"center center","background-size":"auto","background-attachment":"scroll","background-type":"","background-media":"","overlay-type":"","overlay-color":"","overlay-opacity":"","overlay-gradient":""},"tablet":{"background-color":"","background-image":"","background-repeat":"repeat","background-position":"center center","background-size":"auto","background-attachment":"scroll","background-type":"","background-media":"","overlay-type":"","overlay-color":"","overlay-opacity":"","overlay-gradient":""},"mobile":{"background-color":"","background-image":"","background-repeat":"repeat","background-position":"center center","background-size":"auto","background-attachment":"scroll","background-type":"","background-media":"","overlay-type":"","overlay-color":"","overlay-opacity":"","overlay-gradient":""}},"ast-content-background-meta":{"desktop":{"background-color":"var(--ast-global-color-4)","background-image":"","background-repeat":"repeat","background-position":"center center","background-size":"auto","background-attachment":"scroll","background-type":"","background-media":"","overlay-type":"","overlay-color":"","overlay-opacity":"","overlay-gradient":""},"tablet":{"background-color":"var(--ast-global-color-4)","background-image":"","background-repeat":"repeat","background-position":"center center","background-size":"auto","background-attachment":"scroll","background-type":"","background-media":"","overlay-type":"","overlay-color":"","overlay-opacity":"","overlay-gradient":""},"mobile":{"background-color":"var(--ast-global-color-4)","background-image":"","background-repeat":"repeat","background-position":"center center","background-size":"auto","background-attachment":"scroll","background-type":"","background-media":"","overlay-type":"","overlay-color":"","overlay-opacity":"","overlay-gradient":""}},"footnotes":""},"class_list":["post-32","page","type-page","status-publish","hentry"],"_links":{"self":[{"href":"https:\/\/alltag-wertvoll.de\/index.php?rest_route=\/wp\/v2\/pages\/32","targetHints":{"allow":["GET"]}}],"collection":[{"href":"https:\/\/alltag-wertvoll.de\/index.php?rest_route=\/wp\/v2\/pages"}],"about":[{"href":"https:\/\/alltag-wertvoll.de\/index.php?rest_route=\/wp\/v2\/types\/page"}],"author":[{"embeddable":true,"href":"https:\/\/alltag-wertvoll.de\/index.php?rest_route=\/wp\/v2\/users\/2"}],"replies":[{"embeddable":true,"href":"https:\/\/alltag-wertvoll.de\/index.php?rest_route=%2Fwp%2Fv2%2Fcomments&post=32"}],"version-history":[{"count":53,"href":"https:\/\/alltag-wertvoll.de\/index.php?rest_route=\/wp\/v2\/pages\/32\/revisions"}],"predecessor-version":[{"id":570,"href":"https:\/\/alltag-wertvoll.de\/index.php?rest_route=\/wp\/v2\/pages\/32\/revisions\/570"}],"up":[{"embeddable":true,"href":"https:\/\/alltag-wertvoll.de\/index.php?rest_route=\/wp\/v2\/pages\/221"}],"wp:attachment":[{"href":"https:\/\/alltag-wertvoll.de\/index.php?rest_route=%2Fwp%2Fv2%2Fmedia&parent=32"}],"curies":[{"name":"wp","href":"https:\/\/api.w.org\/{rel}","templated":true}]}}