{"id":20,"date":"2025-03-12T06:12:46","date_gmt":"2025-03-12T05:12:46","guid":{"rendered":"https:\/\/alltag-wertvoll.de\/?page_id=20"},"modified":"2025-05-14T09:25:26","modified_gmt":"2025-05-14T07:25:26","slug":"angebote","status":"publish","type":"page","link":"https:\/\/alltag-wertvoll.de\/?page_id=20","title":{"rendered":"Pflegeberatung"},"content":{"rendered":"\n<div style=\"height:50px\" aria-hidden=\"true\" class=\"wp-block-spacer\"><\/div>\n\n\n\n<h2 class=\"wp-block-heading has-text-align-center has-ast-global-color-3-color has-text-color has-link-color has-large-font-size wp-elements-4d28aae20f9e5db3e2ab5ee6a2850c50\">Pflegeberatung f\u00fcr h\u00e4usliche Pflege<\/h2>\n\n\n\n<h2 class=\"wp-block-heading has-text-align-center has-ast-global-color-3-color has-text-color has-link-color has-medium-font-size wp-elements-d2751b3765f746fd0b650232a6943c71\"><strong><strong><strong>Unser Beratungseinsatz nach \u00a7 37.3 SGB XI f\u00fcr Ihr Beratungsgespr\u00e4ch zum Einreichen bei der&nbsp;&nbsp;Pflegekasse und f\u00fcr den Erhalt&nbsp;&nbsp;des Pflegegeldes.<\/strong><\/strong><\/strong><\/h2>\n\n\n\n<div style=\"height:50px\" aria-hidden=\"true\" class=\"wp-block-spacer\"><\/div>\n\n\n\n<div class=\"wp-block-columns has-ast-global-color-1-background-color has-background is-layout-flex wp-container-core-columns-is-layout-28f84493 wp-block-columns-is-layout-flex\" style=\"border-radius:25px\">\n<div class=\"wp-block-column is-vertically-aligned-center is-layout-flow wp-block-column-is-layout-flow\">\n<figure class=\"wp-block-image size-large\"><img loading=\"lazy\" decoding=\"async\" width=\"1024\" height=\"683\" src=\"https:\/\/alltag-wertvoll.de\/wp-content\/uploads\/2025\/03\/senior-man-having-check-up-with-nurse-1024x683.jpg\" alt=\"\" class=\"wp-image-83\" srcset=\"https:\/\/alltag-wertvoll.de\/wp-content\/uploads\/2025\/03\/senior-man-having-check-up-with-nurse-1024x683.jpg 1024w, https:\/\/alltag-wertvoll.de\/wp-content\/uploads\/2025\/03\/senior-man-having-check-up-with-nurse-300x200.jpg 300w, https:\/\/alltag-wertvoll.de\/wp-content\/uploads\/2025\/03\/senior-man-having-check-up-with-nurse-768x512.jpg 768w, https:\/\/alltag-wertvoll.de\/wp-content\/uploads\/2025\/03\/senior-man-having-check-up-with-nurse-1536x1024.jpg 1536w, https:\/\/alltag-wertvoll.de\/wp-content\/uploads\/2025\/03\/senior-man-having-check-up-with-nurse-2048x1365.jpg 2048w\" sizes=\"auto, (max-width: 1024px) 100vw, 1024px\" \/><\/figure>\n<\/div>\n\n\n\n<div class=\"wp-block-column is-vertically-aligned-center is-layout-flow wp-block-column-is-layout-flow\">\n<p class=\"has-ast-global-color-4-color has-text-color has-link-color has-medium-font-size wp-elements-4a02099cbaabbbe77b6a8ef513f9e0a5\"><strong>Alltagsunterst\u00fctzung WERTVOLL<\/strong>&nbsp;ist eine durch das Land Schleswig-Holstein anerkannte, neutrale und&nbsp;<strong>unabh\u00e4ngige Beratungsstelle<\/strong>&nbsp;zur Durchf\u00fchrung der&nbsp;<strong>Pflegeberatung<\/strong>&nbsp;nach \u00a737.3 SGB XI.&nbsp;<\/p>\n\n\n\n<p class=\"has-ast-global-color-4-color has-text-color has-link-color has-medium-font-size wp-elements-a7b09672291f077ccd4083db538b5fc4\">Der&nbsp;<strong>Beratungseinsatz<\/strong>&nbsp;wird bei Ihnen&nbsp;<strong>zu Hause<\/strong>&nbsp;durch unsere qualifizierten&nbsp;<strong>Pflegefachkr\u00e4fte<\/strong>&nbsp;durchgef\u00fchrt. F\u00fcr Sie ist der Einsatz&nbsp;<strong>kostenfrei<\/strong>.&nbsp;<\/p>\n\n\n\n<p class=\"has-ast-global-color-4-color has-text-color has-link-color has-medium-font-size wp-elements-da3475170a5b91cdc1c35bf601a92ca8\"><strong>Vereinbaren Sie heute noch Ihren pers\u00f6nlichen Termin f\u00fcr die Pflegeberatung.<\/strong><\/p>\n<\/div>\n<\/div>\n\n\n\n<div style=\"height:66px\" aria-hidden=\"true\" class=\"wp-block-spacer\"><\/div>\n\n\n\n<p class=\"has-text-align-center\" style=\"font-size:20px\">Gem\u00e4\u00df den aktuellen&nbsp;Richtlinien und Bestimmungen&nbsp;<strong>(\u00a7 37.3 SGB XI&nbsp;) m\u00fcssen Pflegebed\u00fcrftige<\/strong>, die Pflegegeld erhalten und nicht die Hilfe eines Pflegedienstes in Anspruch nehmen,&nbsp;in regelm\u00e4\u00dfigen Abst\u00e4nden&nbsp;eine <strong>Beratung zur Pflege<\/strong>&nbsp;durchf\u00fchren lassen.&nbsp;<\/p>\n\n\n\n<p class=\"has-text-align-center\" style=\"font-size:20px\">Wird der Beratungseinsatz innerhalb des festgelegten Zeitraums nicht durchgef\u00fchrt, k\u00f6nnte die Auszahlung Ihres Pflegegeldes ausgesetzt oder gestrichen werden, da die Pflegebed\u00fcrftigkeit nicht ausreichend nachgewiesen und dokumentiert wurde.<\/p>\n\n\n\n<p class=\"has-text-align-center\" style=\"font-size:20px\">Der Beratungseinsatz soll die&nbsp;<strong>Qualit\u00e4t in der h\u00e4uslichen Pflege sichern und die Pflegepersonen unterst\u00fctzen<\/strong>. Der Beratungseinsatz findet deshalb in der eigenen H\u00e4uslichkeit statt und wird von einer Pflegefachperson durchgef\u00fchrt.<\/p>\n\n\n\n<p class=\"has-text-align-center\" style=\"font-size:20px\">Unsere Pflegeberater und Pflegeberaterinnen von der Alltagsunterst\u00fctzung WERTVOLL nehmen sich Zeit f\u00fcr Ihre Fragen rund um das Thema Pflege zu Hause und geben Ihnen au\u00dferdem WERTVOLLe Tipps.&nbsp;<\/p>\n\n\n\n<p class=\"has-text-align-center\" style=\"font-size:20px\">Wir organisieren alle Formalit\u00e4ten f\u00fcr ihre Pflegekasse ganz&nbsp;<strong>kostenfrei<\/strong>, damit Sie Ihre Lebensqualit\u00e4t bewahren und sorgenfrei in die Zukunft blicken k\u00f6nnen.<\/p>\n\n\n\n<div style=\"height:34px\" aria-hidden=\"true\" class=\"wp-block-spacer\"><\/div>\n\n\n\n<div class=\"wp-block-columns alignwide has-border-color has-ast-global-color-1-border-color has-white-background-color has-background is-layout-flex wp-container-core-columns-is-layout-28f84493 wp-block-columns-is-layout-flex\" style=\"border-width:2px;border-radius:25px;box-shadow:none\">\n<div class=\"wp-block-column is-layout-flow wp-block-column-is-layout-flow\" style=\"flex-basis:10%\">\n<div style=\"height:100px\" aria-hidden=\"true\" class=\"wp-block-spacer\"><\/div>\n<\/div>\n\n\n\n<div class=\"wp-block-column is-vertically-aligned-center is-layout-flow wp-block-column-is-layout-flow\" style=\"flex-basis:20%\">\n<div class=\"wp-block-cover alignleft has-custom-content-position is-position-top-left has-small-font-size\" style=\"padding-right:var(--wp--preset--spacing--30);padding-left:var(--wp--preset--spacing--30);box-shadow:var(--wp--preset--shadow--deep);min-height:380px;aspect-ratio:unset;\"><img loading=\"lazy\" decoding=\"async\" width=\"596\" height=\"668\" class=\"wp-block-cover__image-background wp-image-177\" alt=\"\" src=\"https:\/\/alltag-wertvoll.de\/wp-content\/uploads\/2025\/03\/Bildschirmfoto-2025-03-14-um-13.35.05.png\" data-object-fit=\"cover\" srcset=\"https:\/\/alltag-wertvoll.de\/wp-content\/uploads\/2025\/03\/Bildschirmfoto-2025-03-14-um-13.35.05.png 596w, https:\/\/alltag-wertvoll.de\/wp-content\/uploads\/2025\/03\/Bildschirmfoto-2025-03-14-um-13.35.05-268x300.png 268w\" sizes=\"auto, (max-width: 596px) 100vw, 596px\" \/><span aria-hidden=\"true\" class=\"wp-block-cover__background has-white-background-color has-background-dim-0 has-background-dim\"><\/span><div class=\"wp-block-cover__inner-container is-layout-flow wp-container-core-cover-is-layout-f07b7ac0 wp-block-cover-is-layout-flow\">\n<p class=\"has-text-align-left has-ast-global-color-4-color has-text-color has-link-color wp-elements-1e514fd6edc8da3f36f7ac68c0ed5315\" style=\"font-size:20px\">Pflegegrad 1<\/p>\n\n\n\n<p class=\"has-white-color has-text-color has-link-color wp-elements-3217600c3819a54035fc6a281b918e49\" style=\"font-size:20px\">Der Beratungseinsatz mit Ihrem Pflegeberater ist freiwillig und kann halbj\u00e4hrlich stattfinden.<\/p>\n<\/div><\/div>\n<\/div>\n\n\n\n<div class=\"wp-block-column is-layout-flow wp-block-column-is-layout-flow\" style=\"flex-basis:10%\">\n<div style=\"height:100px\" aria-hidden=\"true\" class=\"wp-block-spacer\"><\/div>\n<\/div>\n\n\n\n<div class=\"wp-block-column is-layout-flow wp-block-column-is-layout-flow\"><\/div>\n\n\n\n<div class=\"wp-block-column is-vertically-aligned-center is-layout-flow wp-block-column-is-layout-flow\" style=\"box-shadow:var(--wp--preset--shadow--deep);flex-basis:20%\">\n<div class=\"wp-block-cover aligncenter has-custom-content-position is-position-top-left\" style=\"padding-right:var(--wp--preset--spacing--30);padding-left:var(--wp--preset--spacing--30);min-height:380px;aspect-ratio:unset;\"><img loading=\"lazy\" decoding=\"async\" width=\"596\" height=\"668\" class=\"wp-block-cover__image-background wp-image-177\" alt=\"\" src=\"https:\/\/alltag-wertvoll.de\/wp-content\/uploads\/2025\/03\/Bildschirmfoto-2025-03-14-um-13.35.05.png\" data-object-fit=\"cover\" srcset=\"https:\/\/alltag-wertvoll.de\/wp-content\/uploads\/2025\/03\/Bildschirmfoto-2025-03-14-um-13.35.05.png 596w, https:\/\/alltag-wertvoll.de\/wp-content\/uploads\/2025\/03\/Bildschirmfoto-2025-03-14-um-13.35.05-268x300.png 268w\" sizes=\"auto, (max-width: 596px) 100vw, 596px\" \/><span aria-hidden=\"true\" class=\"wp-block-cover__background has-background-dim-0 has-background-dim\" style=\"background-color:#3d753a\"><\/span><div class=\"wp-block-cover__inner-container is-layout-flow wp-block-cover-is-layout-flow\">\n<p class=\"has-text-align-left has-white-color has-text-color has-link-color wp-elements-676649397b4950eb5d909f3956a1b3e0\" style=\"font-size:20px\">Pflegegrad 2-3<\/p>\n\n\n\n<p class=\"has-text-align-left has-white-color has-text-color has-link-color wp-elements-8d5043564806912183e8f7e3917f88a1\" style=\"font-size:20px\">Der Beratungseinsatz ist f\u00fcr diejenigen, die das Pflegegeld beziehen verpflichtend und muss halbj\u00e4hrlich stattfinden.<\/p>\n<\/div><\/div>\n<\/div>\n\n\n\n<div class=\"wp-block-column is-layout-flow wp-block-column-is-layout-flow\" style=\"flex-basis:10%\">\n<div style=\"height:100px\" aria-hidden=\"true\" class=\"wp-block-spacer\"><\/div>\n<\/div>\n\n\n\n<div class=\"wp-block-column is-vertically-aligned-center is-layout-flow wp-block-column-is-layout-flow\" style=\"flex-basis:20%\">\n<div class=\"wp-block-cover aligncenter has-custom-content-position is-position-top-left\" style=\"padding-right:var(--wp--preset--spacing--30);padding-left:var(--wp--preset--spacing--30);box-shadow:var(--wp--preset--shadow--deep);min-height:380px;aspect-ratio:unset;\"><img loading=\"lazy\" decoding=\"async\" width=\"596\" height=\"668\" class=\"wp-block-cover__image-background wp-image-177\" alt=\"\" src=\"https:\/\/alltag-wertvoll.de\/wp-content\/uploads\/2025\/03\/Bildschirmfoto-2025-03-14-um-13.35.05.png\" data-object-fit=\"cover\" srcset=\"https:\/\/alltag-wertvoll.de\/wp-content\/uploads\/2025\/03\/Bildschirmfoto-2025-03-14-um-13.35.05.png 596w, https:\/\/alltag-wertvoll.de\/wp-content\/uploads\/2025\/03\/Bildschirmfoto-2025-03-14-um-13.35.05-268x300.png 268w\" sizes=\"auto, (max-width: 596px) 100vw, 596px\" \/><span aria-hidden=\"true\" class=\"wp-block-cover__background has-background-dim-0 has-background-dim\" style=\"background-color:#3d753a\"><\/span><div class=\"wp-block-cover__inner-container is-layout-flow wp-block-cover-is-layout-flow\">\n<p class=\"has-text-align-left has-white-color has-text-color has-link-color wp-elements-c815f4624d7d58ed550ec0e5a92eb627\" style=\"font-size:20px\">Pflegegrad 4-5<\/p>\n\n\n\n<p class=\"has-text-align-left has-white-color has-text-color has-link-color wp-elements-ef698e48272e006a6e1a0dafb88a74c1\" style=\"font-size:20px\">Der Beratungseinsatz ist f\u00fcr Bezieher von Pflegegeld verpflichtend und muss viertelj\u00e4hrlich stattfinden.<\/p>\n<\/div><\/div>\n<\/div>\n\n\n\n<div class=\"wp-block-column is-layout-flow wp-block-column-is-layout-flow\" style=\"flex-basis:10%\">\n<div style=\"height:100px\" aria-hidden=\"true\" class=\"wp-block-spacer\"><\/div>\n<\/div>\n<\/div>\n\n\n\n<div style=\"height:100px\" aria-hidden=\"true\" class=\"wp-block-spacer\"><\/div>\n\n\n\n<p><\/p>\n","protected":false},"excerpt":{"rendered":"<p>Pflegeberatung f\u00fcr h\u00e4usliche Pflege Unser Beratungseinsatz nach \u00a7 37.3 SGB XI f\u00fcr Ihr Beratungsgespr\u00e4ch zum Einreichen bei der&nbsp;&nbsp;Pflegekasse und f\u00fcr [&hellip;]<\/p>\n","protected":false},"author":2,"featured_media":0,"parent":221,"menu_order":0,"comment_status":"closed","ping_status":"closed","template":"","meta":{"site-sidebar-layout":"default","site-content-layout":"","ast-site-content-layout":"","site-content-style":"default","site-sidebar-style":"default","ast-global-header-display":"","ast-banner-title-visibility":"","ast-main-header-display":"","ast-hfb-above-header-display":"","ast-hfb-below-header-display":"","ast-hfb-mobile-header-display":"","site-post-title":"disabled","ast-breadcrumbs-content":"","ast-featured-img":"","footer-sml-layout":"","ast-disable-related-posts":"","theme-transparent-header-meta":"","adv-header-id-meta":"","stick-header-meta":"","header-above-stick-meta":"","header-main-stick-meta":"","header-below-stick-meta":"","astra-migrate-meta-layouts":"default","ast-page-background-enabled":"default","ast-page-background-meta":{"desktop":{"background-color":"var(--ast-global-color-5)","background-image":"","background-repeat":"repeat","background-position":"center center","background-size":"auto","background-attachment":"scroll","background-type":"","background-media":"","overlay-type":"","overlay-color":"","overlay-opacity":"","overlay-gradient":""},"tablet":{"background-color":"","background-image":"","background-repeat":"repeat","background-position":"center center","background-size":"auto","background-attachment":"scroll","background-type":"","background-media":"","overlay-type":"","overlay-color":"","overlay-opacity":"","overlay-gradient":""},"mobile":{"background-color":"","background-image":"","background-repeat":"repeat","background-position":"center center","background-size":"auto","background-attachment":"scroll","background-type":"","background-media":"","overlay-type":"","overlay-color":"","overlay-opacity":"","overlay-gradient":""}},"ast-content-background-meta":{"desktop":{"background-color":"var(--ast-global-color-4)","background-image":"","background-repeat":"repeat","background-position":"center center","background-size":"auto","background-attachment":"scroll","background-type":"","background-media":"","overlay-type":"","overlay-color":"","overlay-opacity":"","overlay-gradient":""},"tablet":{"background-color":"var(--ast-global-color-4)","background-image":"","background-repeat":"repeat","background-position":"center center","background-size":"auto","background-attachment":"scroll","background-type":"","background-media":"","overlay-type":"","overlay-color":"","overlay-opacity":"","overlay-gradient":""},"mobile":{"background-color":"var(--ast-global-color-4)","background-image":"","background-repeat":"repeat","background-position":"center center","background-size":"auto","background-attachment":"scroll","background-type":"","background-media":"","overlay-type":"","overlay-color":"","overlay-opacity":"","overlay-gradient":""}},"footnotes":""},"class_list":["post-20","page","type-page","status-publish","hentry"],"_links":{"self":[{"href":"https:\/\/alltag-wertvoll.de\/index.php?rest_route=\/wp\/v2\/pages\/20","targetHints":{"allow":["GET"]}}],"collection":[{"href":"https:\/\/alltag-wertvoll.de\/index.php?rest_route=\/wp\/v2\/pages"}],"about":[{"href":"https:\/\/alltag-wertvoll.de\/index.php?rest_route=\/wp\/v2\/types\/page"}],"author":[{"embeddable":true,"href":"https:\/\/alltag-wertvoll.de\/index.php?rest_route=\/wp\/v2\/users\/2"}],"replies":[{"embeddable":true,"href":"https:\/\/alltag-wertvoll.de\/index.php?rest_route=%2Fwp%2Fv2%2Fcomments&post=20"}],"version-history":[{"count":56,"href":"https:\/\/alltag-wertvoll.de\/index.php?rest_route=\/wp\/v2\/pages\/20\/revisions"}],"predecessor-version":[{"id":550,"href":"https:\/\/alltag-wertvoll.de\/index.php?rest_route=\/wp\/v2\/pages\/20\/revisions\/550"}],"up":[{"embeddable":true,"href":"https:\/\/alltag-wertvoll.de\/index.php?rest_route=\/wp\/v2\/pages\/221"}],"wp:attachment":[{"href":"https:\/\/alltag-wertvoll.de\/index.php?rest_route=%2Fwp%2Fv2%2Fmedia&parent=20"}],"curies":[{"name":"wp","href":"https:\/\/api.w.org\/{rel}","templated":true}]}}